{"id":3626,"date":"2025-07-30T22:55:07","date_gmt":"2025-07-31T02:55:07","guid":{"rendered":"https:\/\/thefullaccess.com\/?post_type=product&#038;p=3626"},"modified":"2025-09-17T08:10:30","modified_gmt":"2025-09-17T12:10:30","slug":"windows-11-pro-5-dispositivos","status":"publish","type":"product","link":"https:\/\/thefullaccess.com\/es\/producto\/windows-11-pro-5-dispositivos\/","title":{"rendered":"Windows 11 Pro 5 dispositivos"},"content":{"rendered":"<p><span data-contrast=\"auto\">Windows 11 Pro es el \u00faltimo sistema operativo de Microsoft, dise\u00f1ado para ofrecer una experiencia m\u00e1s limpia, r\u00e1pida y eficiente. Es ideal tanto para profesionales como para entusiastas de la tecnolog\u00eda que buscan funciones avanzadas de gesti\u00f3n y seguridad. Con una nueva interfaz centrada en la facilidad de uso y la productividad, Windows 11 Pro transforma la forma en que interact\u00faa con su PC. Disfrute de caracter\u00edsticas como un Men\u00fa de Inicio redise\u00f1ado, Widgets personalizables, una integraci\u00f3n m\u00e1s profunda con Microsoft Teams, y acceso directo a aplicaciones Android a trav\u00e9s de Microsoft Store. Adem\u00e1s, Windows 11 Pro incluye potentes herramientas de seguridad como BitLocker, Windows Information Protection y soporte para escritorios virtuales, todo pensado para un entorno profesional.<\/span><span data-ccp-props=\"{\">\u00a0<\/span><\/p>\n<p><b><span data-contrast=\"auto\">Compatibilidad:<\/span><\/b><span data-ccp-props=\"{\">\u00a0<\/span><\/p>\n<p><span data-contrast=\"auto\">Windows 11 Pro est\u00e1 dise\u00f1ado para funcionar con una amplia gama de hardware y software. Sin embargo, es compatible exclusivamente con PCs que utilizan procesadores de 64 bits y soporta aplicaciones x64 y ARM64. Aseg\u00farese de verificar la compatibilidad del software y los perif\u00e9ricos, ya que algunos programas y dispositivos m\u00e1s antiguos podr\u00edan requerir actualizaciones o no ser compatibles.<\/span><span data-ccp-props=\"{\">\u00a0<\/span><\/p>\n<p><b><span data-contrast=\"auto\">Requisitos de Instalaci\u00f3n:\u00a0<\/span><\/b><span data-ccp-props=\"{\">\u00a0<\/span><\/p>\n<p><span data-contrast=\"auto\">Para instalar Windows 11 Pro, su PC debe cumplir con los siguientes requisitos m\u00ednimos:<\/span><span data-ccp-props=\"{\">\u00a0<\/span><\/p>\n<ul>\n<li data-leveltext=\"\uf0b7\" data-font=\"Symbol\" data-listid=\"60\" data-list-defn-props=\"{\" data-aria-posinset=\"1\" data-aria-level=\"1\"><span data-contrast=\"auto\">Procesador: 1 GHz o m\u00e1s r\u00e1pido con 2 o m\u00e1s n\u00facleos en un procesador compatible de 64 bits o Sistema en un Chip (SoC).\u00a0<\/span><span data-ccp-props=\"{\">\u00a0<\/span><\/li>\n<li><span data-contrast=\"auto\">El procesador Intel core debe ser mayor de 8va generaci\u00f3n los procesadores espec\u00edficamente intel core i3-i5-i7 (si el procesador es i9 no es necesario preocuparse por la generaci\u00f3n) y entre otros modelos de procesadores espec\u00edficamente compatibles, para saber m\u00e1s informaci\u00f3n detallada de los procesadores compatibles puede ingresar al siguiente link:\u00a0<a href=\"https:\/\/learn.microsoft.com\/es-es\/windows-hardware\/design\/minimum\/supported\/windows-11-supported-intel-processors\">https:\/\/learn.microsoft.com\/es-es\/windows-hardware\/design\/minimum\/supported\/windows-11-supported-intel-processors<\/a><\/span><span data-ccp-props=\"{\">\u00a0<\/span><\/li>\n<li><span data-contrast=\"auto\">En caso de ser AMD o Ryzen su procesador son compatibles desde AMD 3015e, 3020e, AMD Athlon a partir desde 3000G, AMD EPYC Y Amd Ryzen, para m\u00e1s informaci\u00f3n detallada de cu\u00e1les generaciones de cada AMD puede consultar en el siguiente link:\u00a0<a href=\"https:\/\/learn.microsoft.com\/es-es\/windows-hardware\/design\/minimum\/supported\/windows-11-supported-amd-processors\">https:\/\/learn.microsoft.com\/es-es\/windows-hardware\/design\/minimum\/supported\/windows-11-supported-amd-processors<\/a><\/span><span data-ccp-props=\"{\">\u00a0<\/span><\/li>\n<li data-leveltext=\"\uf0b7\" data-font=\"Symbol\" data-listid=\"60\" data-list-defn-props=\"{\" data-aria-posinset=\"4\" data-aria-level=\"1\"><span data-contrast=\"auto\">Memoria: 4 GB de RAM o m\u00e1s<\/span><span data-ccp-props=\"{\">\u00a0<\/span><\/li>\n<li data-leveltext=\"\uf0b7\" data-font=\"Symbol\" data-listid=\"60\" data-list-defn-props=\"{\" data-aria-posinset=\"5\" data-aria-level=\"1\"><span data-contrast=\"auto\">Almacenamiento: Dispositivo de almacenamiento de 64 GB o m\u00e1s<\/span><span data-ccp-props=\"{\">\u00a0<\/span><\/li>\n<li data-leveltext=\"\uf0b7\" data-font=\"Symbol\" data-listid=\"60\" data-list-defn-props=\"{\" data-aria-posinset=\"6\" data-aria-level=\"1\"><span data-contrast=\"auto\">Firmware del sistema: UEFI, compatible con Arranque Seguro<\/span><span data-ccp-props=\"{\">\u00a0<\/span><\/li>\n<li data-leveltext=\"\uf0b7\" data-font=\"Symbol\" data-listid=\"60\" data-list-defn-props=\"{\" data-aria-posinset=\"7\" data-aria-level=\"1\"><span data-contrast=\"auto\">TPM: M\u00f3dulo de Plataforma Segura (TPM) versi\u00f3n 2.0<\/span><span data-ccp-props=\"{\">\u00a0<\/span><\/li>\n<li data-leveltext=\"\uf0b7\" data-font=\"Symbol\" data-listid=\"60\" data-list-defn-props=\"{\" data-aria-posinset=\"8\" data-aria-level=\"1\"><span data-contrast=\"auto\">Tarjeta gr\u00e1fica: Compatible con DirectX 12 o posterior con un controlador WDDM 2.x<\/span><span data-ccp-props=\"{\">\u00a0<\/span><\/li>\n<li data-leveltext=\"\uf0b7\" data-font=\"Symbol\" data-listid=\"60\" data-list-defn-props=\"{\" data-aria-posinset=\"9\" data-aria-level=\"1\"><span data-contrast=\"auto\">Pantalla: Pantalla de alta definici\u00f3n (720p) de m\u00e1s de 9&#8243; diagonalmente, 8 bits por canal de color<\/span><\/li>\n<\/ul>\n<p><strong>Env\u00edo del producto<\/strong><\/p>\n<p>Tanto la compra como el env\u00edo e instalaci\u00f3n se hacen de forma digital. Tras realizar la compra, le llegar\u00e1 de inmediato su c\u00f3digo de licencia digital junto con las instrucciones de instalaci\u00f3n.<\/p>","protected":false},"excerpt":{"rendered":"<p>Licencia Permanente para 5 PC.<br \/>\nWindows 11 Pro es la \u00faltima edici\u00f3n profesional del sistema operativo de Microsoft, dise\u00f1ada para usuarios empresariales y avanzados. Ofrece caracter\u00edsticas mejoradas en seguridad, administraci\u00f3n de dispositivos y soporte para experiencias de trabajo h\u00edbridas. Esta versi\u00f3n tambi\u00e9n incluye una interfaz de usuario refinada y optimizaciones de rendimiento para una mejor experiencia de escritorio.<\/p>","protected":false},"featured_media":3625,"comment_status":"open","ping_status":"closed","template":"","meta":{"_uag_custom_page_level_css":"","site-sidebar-layout":"default","site-content-layout":"","ast-site-content-layout":"default","site-content-style":"default","site-sidebar-style":"default","ast-global-header-display":"","ast-banner-title-visibility":"","ast-main-header-display":"","ast-hfb-above-header-display":"","ast-hfb-below-header-display":"","ast-hfb-mobile-header-display":"","site-post-title":"","ast-breadcrumbs-content":"","ast-featured-img":"","footer-sml-layout":"","theme-transparent-header-meta":"default","adv-header-id-meta":"","stick-header-meta":"","header-above-stick-meta":"","header-main-stick-meta":"","header-below-stick-meta":"","astra-migrate-meta-layouts":"set","ast-page-background-enabled":"default","ast-page-background-meta":{"desktop":{"background-color":"","background-image":"","background-repeat":"repeat","background-position":"center center","background-size":"auto","background-attachment":"scroll","background-type":"","background-media":"","overlay-type":"","overlay-color":"","overlay-opacity":"","overlay-gradient":""},"tablet":{"background-color":"","background-image":"","background-repeat":"repeat","background-position":"center center","background-size":"auto","background-attachment":"scroll","background-type":"","background-media":"","overlay-type":"","overlay-color":"","overlay-opacity":"","overlay-gradient":""},"mobile":{"background-color":"","background-image":"","background-repeat":"repeat","background-position":"center center","background-size":"auto","background-attachment":"scroll","background-type":"","background-media":"","overlay-type":"","overlay-color":"","overlay-opacity":"","overlay-gradient":""}},"ast-content-background-meta":{"desktop":{"background-color":"var(--ast-global-color-5)","background-image":"","background-repeat":"repeat","background-position":"center center","background-size":"auto","background-attachment":"scroll","background-type":"","background-media":"","overlay-type":"","overlay-color":"","overlay-opacity":"","overlay-gradient":""},"tablet":{"background-color":"var(--ast-global-color-5)","background-image":"","background-repeat":"repeat","background-position":"center center","background-size":"auto","background-attachment":"scroll","background-type":"","background-media":"","overlay-type":"","overlay-color":"","overlay-opacity":"","overlay-gradient":""},"mobile":{"background-color":"var(--ast-global-color-5)","background-image":"","background-repeat":"repeat","background-position":"center center","background-size":"auto","background-attachment":"scroll","background-type":"","background-media":"","overlay-type":"","overlay-color":"","overlay-opacity":"","overlay-gradient":""}}},"product_brand":[],"product_cat":[21],"product_tag":[],"class_list":{"0":"post-3626","1":"product","2":"type-product","3":"status-publish","4":"has-post-thumbnail","6":"product_cat-licencias-windows","7":"desktop-align-center","8":"tablet-align-center","9":"mobile-align-center","11":"first","12":"instock","13":"virtual","14":"purchasable","15":"product-type-simple"},"aioseo_notices":[],"uagb_featured_image_src":{"full":["https:\/\/thefullaccess.com\/wp-content\/uploads\/2025\/07\/windows-11-pro.png",800,800,false],"thumbnail":["https:\/\/thefullaccess.com\/wp-content\/uploads\/2025\/07\/windows-11-pro-150x150.png",150,150,true],"medium":["https:\/\/thefullaccess.com\/wp-content\/uploads\/2025\/07\/windows-11-pro-300x300.png",300,300,true],"medium_large":["https:\/\/thefullaccess.com\/wp-content\/uploads\/2025\/07\/windows-11-pro-768x768.png",768,768,true],"large":["https:\/\/thefullaccess.com\/wp-content\/uploads\/2025\/07\/windows-11-pro.png",800,800,false],"1536x1536":["https:\/\/thefullaccess.com\/wp-content\/uploads\/2025\/07\/windows-11-pro.png",800,800,false],"2048x2048":["https:\/\/thefullaccess.com\/wp-content\/uploads\/2025\/07\/windows-11-pro.png",800,800,false],"trp-custom-language-flag":["https:\/\/thefullaccess.com\/wp-content\/uploads\/2025\/07\/windows-11-pro.png",12,12,false],"woocommerce_thumbnail":["https:\/\/thefullaccess.com\/wp-content\/uploads\/2025\/07\/windows-11-pro-300x300.png",300,300,true],"woocommerce_single":["https:\/\/thefullaccess.com\/wp-content\/uploads\/2025\/07\/windows-11-pro-600x600.png",600,600,true],"woocommerce_gallery_thumbnail":["https:\/\/thefullaccess.com\/wp-content\/uploads\/2025\/07\/windows-11-pro-100x100.png",100,100,true]},"uagb_author_info":{"display_name":"alexander pozo","author_link":"https:\/\/thefullaccess.com\/es\/author\/"},"uagb_comment_info":0,"uagb_excerpt":"Licencia Permanente para 5 PC. Windows 11 Pro es la \u00faltima edici\u00f3n profesional del sistema operativo de Microsoft, dise\u00f1ada para usuarios empresariales y avanzados. Ofrece caracter\u00edsticas mejoradas en seguridad, administraci\u00f3n de dispositivos y soporte para experiencias de trabajo h\u00edbridas. Esta versi\u00f3n tambi\u00e9n incluye una interfaz de usuario refinada y optimizaciones de rendimiento para una mejor&hellip;","_links":{"self":[{"href":"https:\/\/thefullaccess.com\/es\/wp-json\/wp\/v2\/product\/3626","targetHints":{"allow":["GET"]}}],"collection":[{"href":"https:\/\/thefullaccess.com\/es\/wp-json\/wp\/v2\/product"}],"about":[{"href":"https:\/\/thefullaccess.com\/es\/wp-json\/wp\/v2\/types\/product"}],"replies":[{"embeddable":true,"href":"https:\/\/thefullaccess.com\/es\/wp-json\/wp\/v2\/comments?post=3626"}],"wp:featuredmedia":[{"embeddable":true,"href":"https:\/\/thefullaccess.com\/es\/wp-json\/wp\/v2\/media\/3625"}],"wp:attachment":[{"href":"https:\/\/thefullaccess.com\/es\/wp-json\/wp\/v2\/media?parent=3626"}],"wp:term":[{"taxonomy":"product_brand","embeddable":true,"href":"https:\/\/thefullaccess.com\/es\/wp-json\/wp\/v2\/product_brand?post=3626"},{"taxonomy":"product_cat","embeddable":true,"href":"https:\/\/thefullaccess.com\/es\/wp-json\/wp\/v2\/product_cat?post=3626"},{"taxonomy":"product_tag","embeddable":true,"href":"https:\/\/thefullaccess.com\/es\/wp-json\/wp\/v2\/product_tag?post=3626"}],"curies":[{"name":"wp","href":"https:\/\/api.w.org\/{rel}","templated":true}]}}